{"id":3132,"date":"2018-05-22T12:51:27","date_gmt":"2018-05-22T12:51:27","guid":{"rendered":"http:\/\/www.peplmc.it\/?page_id=1320\/"},"modified":"2023-12-14T09:59:24","modified_gmt":"2023-12-14T09:59:24","slug":"privacy-policy","status":"publish","type":"page","link":"https:\/\/peplmc.it\/en\/privacy-policy\/","title":{"rendered":"Privacy Policy"},"content":{"rendered":"<p>[et_pb_section fb_built=&#8221;1&#8243; admin_label=&#8221;section&#8221; _builder_version=&#8221;4.16&#8243; global_colors_info=&#8221;{}&#8221;][et_pb_row admin_label=&#8221;row&#8221; _builder_version=&#8221;4.16&#8243; background_size=&#8221;initial&#8221; background_position=&#8221;top_left&#8221; background_repeat=&#8221;repeat&#8221; global_colors_info=&#8221;{}&#8221;][et_pb_column type=&#8221;4_4&#8243; _builder_version=&#8221;4.16&#8243; custom_padding=&#8221;|||&#8221; global_colors_info=&#8221;{}&#8221; custom_padding__hover=&#8221;|||&#8221;][et_pb_text admin_label=&#8221;Text&#8221; _builder_version=&#8221;4.17.4&#8243; background_size=&#8221;initial&#8221; background_position=&#8221;top_left&#8221; background_repeat=&#8221;repeat&#8221; global_colors_info=&#8221;{}&#8221;]<\/p>\n<h2><strong><\/strong><\/h2>\n<h2><strong>Nuova Informativa e Consenso ai sensi GDPR 679\/2016 Regolamento Generale sulla Protezione dei Dati personali<\/strong><\/h2>\n<p>Informativa sul trattamento dei dati personali (ai sensi degli artt. 13-14) del Regolamento Europeo per la Protezione dei Dati Personali 679\/2016 di seguito GDPR.<br \/>Desideriamo informare che i dati personali da Lei forniti formeranno oggetto di trattamento nel rispetto della normativa sopra richiamata e degli obblighi di riservatezza.<\/p>\n<p><strong>Titolare del trattamento<br \/><\/strong><br \/>Il titolare del Trattamento Dati \u00e8 il Legale Rappresentante di P&amp;P con domicilio presso la sede della Societ\u00e0 in Via Pastrengo, 9 \u2013 24068 Seriate (BG).<\/p>\n<p><strong>Tipologie di Dati raccolti<\/strong><\/p>\n<p>P&amp;P pu\u00f2 raccogliere le seguenti categorie di dati personali:<\/p>\n<p>Dati di contatto.<br \/>Informazioni relative alla societ\u00e0, partita iva, codice fiscale, indirizzo, numero di telefono, numero di cellulare, indirizzo email per l\u2019invio di fatture \/ documenti, indirizzi email per comunicazioni e informative.<\/p>\n<p><strong>Modalit\u00e0 e Luogo di trattamento dei dati personali<\/strong><\/p>\n<p>P&amp;P raccoglie e tratta i dati personali nelle seguenti circostanze:<\/p>\n<p>Dati personali raccolti dai responsabili dei diversi uffici \/ laboratori e dal personale di segreteria;<br \/>Dati raccolti dal sito web per richiedere informazioni o per utilizzare altre funzionalit\u00e0;<br \/>Dati ottenuti dalle risposte alle nostre campagne di marketing;<\/p>\n<p>Se Lei fornisce dati personali per conto di qualcun altro deve assicurarsi, preventivamente, che gli interessati abbiano preso visione della presente Informativa Privacy.<\/p>\n<p>I dati personali verranno trattati in forma cartacea, informatizzata e telematica ed inseriti nelle pertinenti banche dati anche facenti capo ai diversi uffici \/ laboratori che compongono la struttura. Tutte le operazioni di trattamento dei dati sono attuate in modo da garantire l\u2019integrit\u00e0, la riservatezza e la disponibilit\u00e0 dei dati personali.<br \/>I dati personali dell\u2019Interessato sono conservati in archivi cartacei, informatici e telematici situati presso la sede del Titolare. A meno che l\u2019Interessato non esprima esplicitamente la propria volont\u00e0 di rimuoverli, i dati personali saranno conservati fino a che saranno necessari rispetto alle legittime finalit\u00e0 per le quali sono stati raccolti.<\/p>\n<p><strong>Finalit\u00e0 di utilizzo dei dati raccolti<\/strong><\/p>\n<p>per esigenze contrattuali<br \/>per finalit\u00e0 contabili e amministrative<br \/>per l\u2019adempimento di obblighi civilistici, fiscali e legali<br \/>per finalit\u00e0 legate all\u2019assistenza al cliente<br \/>per finalit\u00e0 commerciali (comunicazione di nuovi servizi o offerte)<br \/>per la tutela dei diritti contrattuali<\/p>\n<p><strong>Diritti dell\u2019interessato<\/strong><\/p>\n<p>L\u2019interessato potr\u00e0 esercitare, ai sensi degli articoli dal 15 al 22 del Regolamento UE n. 2016\/679, il diritto di:<\/p>\n<p>I. chiedere la conferma dell\u2019esistenza o meno di propri dati personali;<br \/>II. ottenere le indicazioni circa le finalit\u00e0 del trattamento, le categorie dei dati personali, i destinatari o le categorie di destinatari a cui i dati personali sono stati o saranno comunicati e, quando possibile, il periodo di conservazione;<br \/>III. ottenere la rettifica e la cancellazione dei dati;<br \/>IV. ottenere la limitazione del trattamento;<br \/>V. ottenere la portabilit\u00e0 dei dati, ossia riceverli da un titolare del trattamento, in un formato strutturato, di uso comune e leggibile da dispositivo automatico, e trasmetterli ad un altro titolare del trattamento senza impedimenti;<br \/>VI. opporsi al trattamento in qualsiasi momento ed anche nel caso di trattamento per finalit\u00e0 di marketing diretto;<br \/>VII. opporsi ad un processo decisionale automatizzato relativo alle persone fisiche, compresa la profilazione;<br \/>VIII. chiedere al titolare del trattamento l\u2019accesso ai dati personali e la rettifica o la cancellazione degli stessi o la limitazione del trattamento che lo riguardano o di opporsi al loro trattamento, oltre al diritto alla portabilit\u00e0 dei dati;<br \/>IX. revocare il consenso in qualsiasi momento senza pregiudicare la liceit\u00e0 del trattamento basata sul consenso prestato prima della revoca;<br \/>X. proporre reclamo a un\u2019autorit\u00e0 di controllo;<\/p>\n<p>Per eventuali segnalazioni sulle modalit\u00e0 di trattamento dei Suoi dati faremo ogni sforzo per rispondere alle eventuali preoccupazioni espresse.<br \/>Pu\u00f2 esercitare i Suoi diritti con richiesta all\u2019indirizzo e-mail: info@pepconsultingengineers.it<\/p>\n<p><strong>Informativa sui cookie<br \/><\/strong><br \/>Cosa sono i cookies<\/p>\n<p>I cookies sono piccoli file di testo che vengono automaticamente posizionati sul PC del navigatore all&#8217;interno del browser. Essi contengono informazioni di base sulla navigazione in Internet e grazie al browser vengono riconosciuti ogni volta che l&#8217;utente visita il sito. Di seguito troverai tutte le indicazioni dei cookie installati da questo sito e le indicazioni necessarie su come gestire le tue preferenze.<br \/>Questo sito utilizza cookie, anche di terze parti, per migliorarne l\u2019esperienza di navigazione.<\/p>\n<p><strong>Gestione dei cookie<\/strong><\/p>\n<p>Cokie tecnici, utilizzati al solo fine di effettuare la trasmissione di una comunicazione elettronica, per garantire la corretta visualizzazione del sito e la navigazione all\u2019interno di esso. Inoltre, consentono di distinguere tra i vari utenti collegati al fine di fornire un servizio richiesto all\u2019utente giusto (Login), e per motivi di sicurezza del sito. Alcuni di questi cookie sono eliminati alla chiusura del browser (cookie di sessione), altri hanno una durata maggiore (come ad esempio il cookie necessario per conservazione il consenso dell\u2019utente in relazione all\u2019uso dei cookie, che dura 1 anno). Per questi cookie non occorre consenso;<\/p>\n<p>Cookie di analisi, utilizzati direttamente dal gestore del sito per raccogliere informazioni, in forma aggregata, sul numero degli utenti e su come questi visitano il sito stesso. Sono assimilati ai cookie tecnici se il servizio \u00e8 anonimizzato.<\/p>\n<p>Cookie di profilazione e marketing, utilizzati esclusivamente da terze parti diverse dal titolare del presente sito per raccogliere informazioni sul comportamento degli utenti durante la navigazione, e sugli interessi e abitudini di consumo, anche al fine di fornire pubblicit\u00e0 personalizzata.<\/p>\n<p>Il <strong>GDPR<\/strong> identifica i cookie come dati pseudonimi, ovverosia dati personali dove gli elementi identificativi sono stati sostituiti da altri elementi (quali stringhe di testo e numeri): detti dati sono in ogni caso soggetti a tutela poich\u00e9 incrociandoli con altre informazioni \u00e8 comunque possibile giungere all\u2019identificazione della persona, o quantomeno all\u2019identificazione univoca del dispositivo utilizzato per l\u2019accesso e la navigazione\u00a0<em>online.<\/em><\/p>\n<p>Nessun dato personale degli utenti viene acquisito dal sito senza il vostro consenso.<\/p>\n<p>Non viene fatto uso di cookies per la trasmissione di informazioni di carattere personale (per profilazione).<\/p>\n<p><strong>Cookie di terze parti<\/strong><\/p>\n<p>Il Sito utilizza strumenti di analisi forniti da Google Analytics per tracciare dati statistici in forma aggregata. Se si preferisce restringere, bloccare o cancellare i cookie di questo sito, \u00e8 possibile farlo modificando la configurazione del proprio browser su computer e dispositivi mobile.<\/p>\n<p>Scegliendo di disabilitare i cookie non sar\u00e0, per\u00f2, pi\u00f9 possibile sfruttare tutte le funzionalit\u00e0 del sito.<\/p>\n<p><strong>Disattivazione dei cookie<\/strong><\/p>\n<p>L\u2019utente pu\u00f2 disattivare i cookie, impostando opportunamente le propriet\u00e0 di privacy del proprio browser. Di seguito i principali:<\/p>\n<p>Microsoft Internet Explorer: https:\/\/support.microsoft.com\/en-us\/help\/17442\/windows-internet-explorer-delete-manage-cookies<\/p>\n<p>Mozilla Firefox: https:\/\/support.mozilla.org\/en-US\/kb\/enable-and-disable-cookies-website-preferences<\/p>\n<p>Google Chrome: https:\/\/support.google.com\/chrome\/answer\/95647?hl=en<\/p>\n<p>Safari: https:\/\/support.apple.com\/kb\/PH21411?locale=de_DE&amp;viewlocale=en_US<\/p>\n<p>In qualsiasi momento l\u2019utente potr\u00e0 cancellare i cookie dal disco fisso del computer.<\/p>\n<p>Il Sito pu\u00f2 utilizzare, anche in modo non costante, video, servizi e contenuti di social network e, in base all\u2019occorrenza, contenuti incorporabili di altri siti o servizi.<\/p>\n<p>In ogni momento Lei potr\u00e0 richiedere, scrivendo all\u2019indirizzo del titolare del presente sito, l&#8217;accesso ai Suoi dati personali, la rettifica o la cancellazione degli stessi o anche semplicemente la limitazione del loro trattamento o proporre reclamo all\u2019Autorit\u00e0 Garante per la Protezione dei Dati, qualora ritenesse siano stati violati i suoi diritti.<\/p>\n<p>&nbsp;<\/p>\n<h2><a name=\"_Toc87020344\"><\/a>INFORMATIVA PRIVACY GDPR (WHISTLEBLOWING)<\/h2>\n<p>I dati personali raccolti nell\u2019ambito delle segnalazioni in materia di whistleblowing sono trattati da P&amp;P LMC S.r.l., con sede legale in Seriate (BG) alla via Pastrengo n. 9, in qualit\u00e0 di Titolare del trattamento dei dati, nel rispetto del Regolamento Europeo 2016\/679 sulla protezione dei dati (c.d. GDPR).<\/p>\n<p>I dati trattati, ove conferiti, possono riguardare le generalit\u00e0 del segnalante, del soggetto danneggiante, di quello danneggiato e di altri soggetti a conoscenza della condotta illecita, nonch\u00e9 il contenuto della segnalazione delle presunte irregolarit\u00e0 o illeciti (es. tipologia di non conformit\u00e0\/violazione avvenuta; modalit\u00e0 con cui \u00e8 stata commessa la violazione; circostanze di tempo e di luogo in cui \u00e8 avvenuto il fatto illecito, ecc.).<\/p>\n<ol>\n<li><strong> Finalit\u00e0 del trattamento<\/strong><\/li>\n<\/ol>\n<p>I dati sono trattati dal Titolare per la gestione delle segnalazioni in materia di whistleblowing, secondo i termini e le modalit\u00e0 indicate nell\u2019atto organizzativo whistleblowing, nonch\u00e9 per la verifica della fondatezza dei fatti oggetto della segnalazione ai fini dell\u2019adozione di eventuali provvedimenti.<\/p>\n<p>I dati sono, altres\u00ec, trattati in adempimento ad un ordine di esibizione o in risposta ad una richiesta dell\u2019Autorit\u00e0 Giudiziaria o di una qualunque altra Autorit\u00e0 alla stessa equiparata.<\/p>\n<ol start=\"2\">\n<li><strong> Base giuridica del trattamento<\/strong><\/li>\n<\/ol>\n<p>Il trattamento dei dati personali \u00e8 effettuato per l\u2019adempimento di un obbligo di legge al quale \u00e8 soggetto il Titolare, (art. 6, co. 1 lett., c) GDPR), ai sensi della normativa in materia di whistleblowing D.Lgs. n. 24\/2023 e di ogni altra norma autorizzata ad imporre l\u2019obbligo.<\/p>\n<p>Con riferimento alla categoria di dati particolari <em>ex<\/em> art. 9 GDPR, il trattamento \u00e8 necessario per assolvere gli obblighi ed esercitare i diritti specifici del Titolare del trattamento o dell&#8217;interessato in materia di diritto del lavoro e della sicurezza sociale e protezione sociale, nonch\u00e9 l\u2019accertamento, l\u2019esercizio o la difesa di un diritto in sede giudiziaria (art. 9, co. 2 lett. b) e f) GDPR).<\/p>\n<ol start=\"3\">\n<li><strong> Categorie di destinatari dei dati personali <\/strong><\/li>\n<\/ol>\n<p>I dati saranno trattati dal gestore delle segnalazioni del whistleblowing, nonch\u00e9 dal vertice aziendale di P&amp;P LMC S.r.l., in ossequio a quanto previsto dalla normativa in tema di GDPR.<\/p>\n<p>I dati potranno inoltre essere comunicati, all\u2019interno dell\u2019UE, nel pieno rispetto di quanto previsto dal GDPR, agli enti e\/o altre autorit\u00e0 pubbliche, ove ci\u00f2 sia imposto dalla legge o su loro richiesta; alle strutture, ai soggetti ed alle societ\u00e0 esterne di cui il Titolare si avvale per lo svolgimento di attivit\u00e0 connesse, strumentali o conseguenti al trattamento dei dati in materia di whistleblowing; ai consulenti esterni e ogni altro soggetto coinvolto nella procedura di whistleblowing, se non designati per iscritto come Responsabili del trattamento.<\/p>\n<p>I dati non saranno in nessun caso diffusi, n\u00e9 trasferiti al di fuori dell\u2019Unione Europea.<\/p>\n<ol start=\"4\">\n<li><strong> Modalit\u00e0 di trattamento <\/strong><\/li>\n<\/ol>\n<p>I dati sono trattati nel rispetto dei principi di correttezza, liceit\u00e0 e trasparenza e il trattamento pu\u00f2 essere effettuato anche tramite modalit\u00e0 automatizzate idonee a memorizzarli e a gestirli. Gli strumenti utilizzati per il trattamento dei dati sono idonei a garantire la riservatezza degli stessi e ad evitare rischi di dispersione, diffusione o uso illecito degli stessi.<\/p>\n<ol start=\"5\">\n<li><strong> Periodo di conservazione<\/strong><\/li>\n<\/ol>\n<p>I dati vengono conservati per tutto il periodo necessario allo svolgimento della procedura whistleblowing e comunque non pi\u00f9 di cinque anni a decorrere dalla comunicazione dell\u2019esito finale della procedura al segnalante.<\/p>\n<p>Nel caso di avvio di procedimenti giudiziali o disciplinari, i dati saranno conservati fino alla conclusione del procedimento ed allo spirare dei termini per proporre impugnazione e comunque per un periodo non superiore a cinque anni decorrenti dalla comunicazione dell\u2019esito finale della procedura al segnalante.<\/p>\n<ol start=\"6\">\n<li><strong> Esercizio dei diritti degli interessati<\/strong><\/li>\n<\/ol>\n<p>Gli interessati possono esercitare i diritti di cui agli artt. da 15 a 21 GDPR, per l\u2019accesso, la rettifica, la trasformazione, il blocco, la cancellazione, la limitazione del trattamento, nelle modalit\u00e0 stabilite dall\u2019art. 12 GDPR, comunicando le proprie richieste al seguente recapito info@peplmc.it, oppure a mezzo posta a P&amp;P LMC S.r.l.\u2013Ufficio Privacy \u2013 Seriate (BG) via Pastrengo n. 9. Il titolare del trattamento agevola l\u2019esercizio del diritto di opposizione da parte degli interessati.<\/p>\n<p>Se il soggetto i cui dati vengono trattati ritiene che vi sia stata una violazione di quanto disposto dal GDPR, lo stesso avr\u00e0 il diritto di proporre reclamo al Garante per la Protezione dei Dati Personali, secondo le modalit\u00e0 indicate dall\u2019art. 77 GDPR.<\/p>\n<p>Ai sensi dell\u2019art. 2 <em>undecies<\/em> del D. Lgs. 101\/2020, i diritti di cui agli artt. da 15 a 22 GDPR non possono essere esercitati con richiesta al Titolare del trattamento ovvero con reclamo ai sensi dell&#8217;articolo 77 GDPR qualora dall&#8217;esercizio di tali diritti possa derivare un pregiudizio effettivo e concreto alla riservatezza dell\u2019identit\u00e0 del dipendente che segnala ai sensi del D. Lgs. n. 24\/2023, l&#8217;illecito di cui sia venuto a conoscenza in ragione del proprio ufficio.<\/p>\n<p>L&#8217;esercizio dei medesimi diritti pu\u00f2, in ogni caso, essere ritardato, limitato o escluso con comunicazione motivata e resa senza ritardo all&#8217;interessato, a meno che la comunicazione possa compromettere la finalit\u00e0 della limitazione, per il tempo e nei limiti in cui ci\u00f2 costituisca una misura necessaria e proporzionata, tenuto conto dei diritti fondamentali e dei legittimi interessi dell&#8217;interessato. In tali casi, i diritti dell&#8217;interessato possono essere esercitati anche tramite il Garante per la Protezione dei Dati Personali.<\/p>\n<p>La presente informativa potr\u00e0 essere oggetto di periodici aggiornamenti.<\/p>\n<p>[\/et_pb_text][\/et_pb_column][\/et_pb_row][\/et_pb_section]<\/p>\n","protected":false},"excerpt":{"rendered":"<p>Nuova Informativa e Consenso ai sensi GDPR 679\/2016 Regolamento Generale sulla Protezione dei Dati personali Informativa sul trattamento dei dati personali (ai sensi degli artt. 13-14) del Regolamento Europeo per la Protezione dei Dati Personali 679\/2016 di seguito GDPR.Desideriamo informare che i dati personali da Lei forniti formeranno oggetto di trattamento nel rispetto della normativa [&hellip;]<\/p>\n","protected":false},"author":1,"featured_media":1610,"parent":0,"menu_order":0,"comment_status":"closed","ping_status":"closed","template":"elementor_theme","meta":{"_et_pb_use_builder":"on","_et_pb_old_content":"<strong>Nuova Informativa e Consenso ai sensi GDPR 679\/2016 Regolamento Generale sulla Protezione dei Dati personali<\/strong>\n\nInformativa sul trattamento dei dati personali (ai sensi degli artt. 13-14) del Regolamento Europeo per la Protezione dei Dati Personali 679\/2016 di seguito GDPR.\nDesideriamo informare che i dati personali da Lei forniti formeranno oggetto di trattamento nel rispetto della normativa sopra richiamata e degli obblighi di riservatezza.\n\n<strong>Titolare del trattamento\n<\/strong>\nIl titolare del Trattamento Dati \u00e8 il Legale Rappresentante di P&amp;P con domicilio presso la sede della Societ\u00e0 in Via Pastrengo, 9 \u2013 24068 Seriate (BG).\n\n<strong>Tipologie di Dati raccolti<\/strong>\n\nP&amp;P pu\u00f2 raccogliere le seguenti categorie di dati personali:\n\nDati di contatto.\nInformazioni relative alla societ\u00e0, partita iva, codice fiscale, indirizzo, numero di telefono, numero di cellulare, indirizzo email per l\u2019invio di fatture \/ documenti, indirizzi email per comunicazioni e informative.\n\n<strong>Modalit\u00e0 e Luogo di trattamento dei dati personali<\/strong>\n\nP&amp;P raccoglie e tratta i dati personali nelle seguenti circostanze:\n\nDati personali raccolti dai responsabili dei diversi uffici \/ laboratori e dal personale di segreteria;\nDati raccolti dal sito web per richiedere informazioni o per utilizzare altre funzionalit\u00e0;\nDati ottenuti dalle risposte alle nostre campagne di marketing;\n\nSe Lei fornisce dati personali per conto di qualcun altro deve assicurarsi, preventivamente, che gli interessati abbiano preso visione della presente Informativa Privacy.\n\nI dati personali verranno trattati in forma cartacea, informatizzata e telematica ed inseriti nelle pertinenti banche dati anche facenti capo ai diversi uffici \/ laboratori che compongono la struttura. Tutte le operazioni di trattamento dei dati sono attuate in modo da garantire l\u2019integrit\u00e0, la riservatezza e la disponibilit\u00e0 dei dati personali.\nI dati personali dell\u2019Interessato sono conservati in archivi cartacei, informatici e telematici situati presso la sede del Titolare. A meno che l\u2019Interessato non esprima esplicitamente la propria volont\u00e0 di rimuoverli, i dati personali saranno conservati fino a che saranno necessari rispetto alle legittime finalit\u00e0 per le quali sono stati raccolti.\n\n<strong>Finalit\u00e0 di utilizzo dei dati raccolti<\/strong>\n\nper esigenze contrattuali\nper finalit\u00e0 contabili e amministrative\nper l\u2019adempimento di obblighi civilistici, fiscali e legali\nper finalit\u00e0 legate all\u2019assistenza al cliente\nper finalit\u00e0 commerciali (comunicazione di nuovi servizi o offerte)\nper la tutela dei diritti contrattuali\n\n<strong>Diritti dell\u2019interessato<\/strong>\n\nL\u2019interessato potr\u00e0 esercitare, ai sensi degli articoli dal 15 al 22 del Regolamento UE n. 2016\/679, il diritto di:\n\nI. chiedere la conferma dell\u2019esistenza o meno di propri dati personali;\nII. ottenere le indicazioni circa le finalit\u00e0 del trattamento, le categorie dei dati personali, i destinatari o le categorie di destinatari a cui i dati personali sono stati o saranno comunicati e, quando possibile, il periodo di conservazione;\nIII. ottenere la rettifica e la cancellazione dei dati;\nIV. ottenere la limitazione del trattamento;\nV. ottenere la portabilit\u00e0 dei dati, ossia riceverli da un titolare del trattamento, in un formato strutturato, di uso comune e leggibile da dispositivo automatico, e trasmetterli ad un altro titolare del trattamento senza impedimenti;\nVI. opporsi al trattamento in qualsiasi momento ed anche nel caso di trattamento per finalit\u00e0 di marketing diretto;\nVII. opporsi ad un processo decisionale automatizzato relativo alle persone fisiche, compresa la profilazione;\nVIII. chiedere al titolare del trattamento l\u2019accesso ai dati personali e la rettifica o la cancellazione degli stessi o la limitazione del trattamento che lo riguardano o di opporsi al loro trattamento, oltre al diritto alla portabilit\u00e0 dei dati;\nIX. revocare il consenso in qualsiasi momento senza pregiudicare la liceit\u00e0 del trattamento basata sul consenso prestato prima della revoca;\nX. proporre reclamo a un\u2019autorit\u00e0 di controllo;\n\nPer eventuali segnalazioni sulle modalit\u00e0 di trattamento dei Suoi dati faremo ogni sforzo per rispondere alle eventuali preoccupazioni espresse.\nPu\u00f2 esercitare i Suoi diritti con richiesta all\u2019indirizzo e-mail: info@pepconsultingengineers.it\n\n<strong>Informativa sui cookie\n<\/strong>\nCosa sono i cookies\n\nI cookies sono piccoli file di testo che vengono automaticamente posizionati sul PC del navigatore all'interno del browser. Essi contengono informazioni di base sulla navigazione in Internet e grazie al browser vengono riconosciuti ogni volta che l'utente visita il sito. Di seguito troverai tutte le indicazioni dei cookie installati da questo sito e le indicazioni necessarie su come gestire le tue preferenze.\nQuesto sito utilizza cookie, anche di terze parti, per migliorarne l\u2019esperienza di navigazione.\n\n<strong>Gestione dei cookie<\/strong>\n\nCokie tecnici, utilizzati al solo fine di effettuare la trasmissione di una comunicazione elettronica, per garantire la corretta visualizzazione del sito e la navigazione all\u2019interno di esso. Inoltre, consentono di distinguere tra i vari utenti collegati al fine di fornire un servizio richiesto all\u2019utente giusto (Login), e per motivi di sicurezza del sito. Alcuni di questi cookie sono eliminati alla chiusura del browser (cookie di sessione), altri hanno una durata maggiore (come ad esempio il cookie necessario per conservazione il consenso dell\u2019utente in relazione all\u2019uso dei cookie, che dura 1 anno). Per questi cookie non occorre consenso;\n\nCookie di analisi, utilizzati direttamente dal gestore del sito per raccogliere informazioni, in forma aggregata, sul numero degli utenti e su come questi visitano il sito stesso. Sono assimilati ai cookie tecnici se il servizio \u00e8 anonimizzato.\n\nCookie di profilazione e marketing, utilizzati esclusivamente da terze parti diverse dal titolare del presente sito per raccogliere informazioni sul comportamento degli utenti durante la navigazione, e sugli interessi e abitudini di consumo, anche al fine di fornire pubblicit\u00e0 personalizzata.\n\nIl <strong>GDPR<\/strong> identifica i cookie come dati pseudonimi, ovverosia dati personali dove gli elementi identificativi sono stati sostituiti da altri elementi (quali stringhe di testo e numeri): detti dati sono in ogni caso soggetti a tutela poich\u00e9 incrociandoli con altre informazioni \u00e8 comunque possibile giungere all\u2019identificazione della persona, o quantomeno all\u2019identificazione univoca del dispositivo utilizzato per l\u2019accesso e la navigazione\u00a0<em>online.<\/em>\n\nNessun dato personale degli utenti viene acquisito dal sito senza il vostro consenso.\n\nNon viene fatto uso di cookies per la trasmissione di informazioni di carattere personale (per profilazione).\n\n<strong>Cookie di terze parti<\/strong>\n\nIl Sito utilizza strumenti di analisi forniti da Google Analytics per tracciare dati statistici in forma aggregata. Se si preferisce restringere, bloccare o cancellare i cookie di questo sito, \u00e8 possibile farlo modificando la configurazione del proprio browser su computer e dispositivi mobile.\n\nScegliendo di disabilitare i cookie non sar\u00e0, per\u00f2, pi\u00f9 possibile sfruttare tutte le funzionalit\u00e0 del sito.\n\n<strong>Disattivazione dei cookie<\/strong>\n\nL\u2019utente pu\u00f2 disattivare i cookie, impostando opportunamente le propriet\u00e0 di privacy del proprio browser. Di seguito i principali:\n\nMicrosoft Internet Explorer: https:\/\/support.microsoft.com\/en-us\/help\/17442\/windows-internet-explorer-delete-manage-cookies\n\nMozilla Firefox: https:\/\/support.mozilla.org\/en-US\/kb\/enable-and-disable-cookies-website-preferences\n\nGoogle Chrome: https:\/\/support.google.com\/chrome\/answer\/95647?hl=en\n\nSafari: https:\/\/support.apple.com\/kb\/PH21411?locale=de_DE&amp;viewlocale=en_US\n\nIn qualsiasi momento l\u2019utente potr\u00e0 cancellare i cookie dal disco fisso del computer.\n\nIl Sito pu\u00f2 utilizzare, anche in modo non costante, video, servizi e contenuti di social network e, in base all\u2019occorrenza, contenuti incorporabili di altri siti o servizi.\n\nIn ogni momento Lei potr\u00e0 richiedere, scrivendo all\u2019indirizzo del titolare del presente sito, l'accesso ai Suoi dati personali, la rettifica o la cancellazione degli stessi o anche semplicemente la limitazione del loro trattamento o proporre reclamo all\u2019Autorit\u00e0 Garante per la Protezione dei Dati, qualora ritenesse siano stati violati i suoi diritti.\n\nLa Privacy Policy del Sito potr\u00e0 essere soggetta a periodici aggiornamenti.","_et_gb_content_width":"","footnotes":""},"class_list":["post-3132","page","type-page","status-publish","has-post-thumbnail","hentry"],"_links":{"self":[{"href":"https:\/\/peplmc.it\/en\/wp-json\/wp\/v2\/pages\/3132","targetHints":{"allow":["GET"]}}],"collection":[{"href":"https:\/\/peplmc.it\/en\/wp-json\/wp\/v2\/pages"}],"about":[{"href":"https:\/\/peplmc.it\/en\/wp-json\/wp\/v2\/types\/page"}],"author":[{"embeddable":true,"href":"https:\/\/peplmc.it\/en\/wp-json\/wp\/v2\/users\/1"}],"replies":[{"embeddable":true,"href":"https:\/\/peplmc.it\/en\/wp-json\/wp\/v2\/comments?post=3132"}],"version-history":[{"count":5,"href":"https:\/\/peplmc.it\/en\/wp-json\/wp\/v2\/pages\/3132\/revisions"}],"predecessor-version":[{"id":4664,"href":"https:\/\/peplmc.it\/en\/wp-json\/wp\/v2\/pages\/3132\/revisions\/4664"}],"wp:featuredmedia":[{"embeddable":true,"href":"https:\/\/peplmc.it\/en\/wp-json\/"}],"wp:attachment":[{"href":"https:\/\/peplmc.it\/en\/wp-json\/wp\/v2\/media?parent=3132"}],"curies":[{"name":"wp","href":"https:\/\/api.w.org\/{rel}","templated":true}]}}